{"id":5638,"date":"2021-10-07T08:03:40","date_gmt":"2021-10-07T08:03:40","guid":{"rendered":"https:\/\/www.lindademeyer.be\/wordpress\/?page_id=5638"},"modified":"2021-11-29T17:49:54","modified_gmt":"2021-11-29T17:49:54","slug":"kroatie-algemeen","status":"publish","type":"page","link":"https:\/\/www.lindademeyer.be\/wordpress\/kroatie-algemeen\/","title":{"rendered":"Kroati\u00eb algemeen"},"content":{"rendered":"\t\t<div data-elementor-type=\"wp-page\" data-elementor-id=\"5638\" class=\"elementor elementor-5638\">\n\t\t\t\t\t\t<div class=\"elementor-inner\">\n\t\t\t\t<div class=\"elementor-section-wrap\">\n\t\t\t\t\t\t\t\t\t<section class=\"elementor-section elementor-top-section elementor-element elementor-element-789b336f elementor-section-boxed elementor-section-height-default elementor-section-height-default\" data-id=\"789b336f\" data-element_type=\"section\">\n\t\t\t\t\t\t<div class=\"elementor-container elementor-column-gap-default\">\n\t\t\t\t\t\t\t<div class=\"elementor-row\">\n\t\t\t\t\t<div class=\"elementor-column elementor-col-100 elementor-top-column elementor-element elementor-element-762b997f\" data-id=\"762b997f\" data-element_type=\"column\">\n\t\t\t<div class=\"elementor-column-wrap elementor-element-populated\">\n\t\t\t\t\t\t\t<div class=\"elementor-widget-wrap\">\n\t\t\t\t\t\t<div class=\"elementor-element elementor-element-68e110e9 elementor-widget elementor-widget-heading\" data-id=\"68e110e9\" data-element_type=\"widget\" data-widget_type=\"heading.default\">\n\t\t\t\t<div class=\"elementor-widget-container\">\n\t\t\t<h3 class=\"elementor-heading-title elementor-size-default\">KROATI\u00cb<\/h3>\t\t<\/div>\n\t\t\t\t<\/div>\n\t\t\t\t\t\t<\/div>\n\t\t\t\t\t<\/div>\n\t\t<\/div>\n\t\t\t\t\t\t\t\t<\/div>\n\t\t\t\t\t<\/div>\n\t\t<\/section>\n\t\t\t\t<section class=\"elementor-section elementor-top-section elementor-element elementor-element-e85824a elementor-section-boxed elementor-section-height-default elementor-section-height-default\" data-id=\"e85824a\" data-element_type=\"section\">\n\t\t\t\t\t\t<div class=\"elementor-container elementor-column-gap-default\">\n\t\t\t\t\t\t\t<div class=\"elementor-row\">\n\t\t\t\t\t<div class=\"elementor-column elementor-col-100 elementor-top-column elementor-element elementor-element-5772036a\" data-id=\"5772036a\" data-element_type=\"column\">\n\t\t\t<div class=\"elementor-column-wrap elementor-element-populated\">\n\t\t\t\t\t\t\t<div class=\"elementor-widget-wrap\">\n\t\t\t\t\t\t<div class=\"elementor-element elementor-element-54e5f38c elementor-widget elementor-widget-image\" data-id=\"54e5f38c\" data-element_type=\"widget\" data-widget_type=\"image.default\">\n\t\t\t\t<div class=\"elementor-widget-container\">\n\t\t\t\t\t\t\t\t<div class=\"elementor-image\">\n\t\t\t\t\t\t\t\t\t\t\t\t<img width=\"1000\" height=\"500\" src=\"https:\/\/www.lindademeyer.be\/wordpress\/wp-content\/uploads\/2021\/11\/DSC_0787-940.jpg\" class=\"attachment-full size-full\" alt=\"\" loading=\"lazy\" srcset=\"https:\/\/www.lindademeyer.be\/wordpress\/wp-content\/uploads\/2021\/11\/DSC_0787-940.jpg 1000w, https:\/\/www.lindademeyer.be\/wordpress\/wp-content\/uploads\/2021\/11\/DSC_0787-940-300x150.jpg 300w, https:\/\/www.lindademeyer.be\/wordpress\/wp-content\/uploads\/2021\/11\/DSC_0787-940-768x384.jpg 768w, https:\/\/www.lindademeyer.be\/wordpress\/wp-content\/uploads\/2021\/11\/DSC_0787-940-500x250.jpg 500w, https:\/\/www.lindademeyer.be\/wordpress\/wp-content\/uploads\/2021\/11\/DSC_0787-940-800x400.jpg 800w\" sizes=\"(max-width: 1000px) 100vw, 1000px\" \/>\t\t\t\t\t\t\t\t\t\t\t\t\t\t<\/div>\n\t\t\t\t\t\t<\/div>\n\t\t\t\t<\/div>\n\t\t\t\t<div class=\"elementor-element elementor-element-77dd60cb elementor-widget elementor-widget-spacer\" data-id=\"77dd60cb\" data-element_type=\"widget\" data-widget_type=\"spacer.default\">\n\t\t\t\t<div class=\"elementor-widget-container\">\n\t\t\t\t\t<div class=\"elementor-spacer\">\n\t\t\t<div class=\"elementor-spacer-inner\"><\/div>\n\t\t<\/div>\n\t\t\t\t<\/div>\n\t\t\t\t<\/div>\n\t\t\t\t<div class=\"elementor-element elementor-element-5c4e1bfe elementor-widget elementor-widget-text-editor\" data-id=\"5c4e1bfe\" data-element_type=\"widget\" data-widget_type=\"text-editor.default\">\n\t\t\t\t<div class=\"elementor-widget-container\">\n\t\t\t\t\t\t\t\t<div class=\"elementor-text-editor elementor-clearfix\">\n\t\t\t\t<h3 style=\"text-align: center;\">RONDREIS KROATI\u00cb<\/h3>\t\t\t\t\t<\/div>\n\t\t\t\t\t\t<\/div>\n\t\t\t\t<\/div>\n\t\t\t\t<div class=\"elementor-element elementor-element-12e04727 elementor-widget elementor-widget-text-editor\" data-id=\"12e04727\" data-element_type=\"widget\" data-widget_type=\"text-editor.default\">\n\t\t\t\t<div class=\"elementor-widget-container\">\n\t\t\t\t\t\t\t\t<div class=\"elementor-text-editor elementor-clearfix\">\n\t\t\t\t<h4 style=\"text-align: center;\">17 september 2021<\/h4><hr \/>\t\t\t\t\t<\/div>\n\t\t\t\t\t\t<\/div>\n\t\t\t\t<\/div>\n\t\t\t\t<div class=\"elementor-element elementor-element-2682dbcd elementor-widget-divider--view-line elementor-widget elementor-widget-divider\" data-id=\"2682dbcd\" data-element_type=\"widget\" data-widget_type=\"divider.default\">\n\t\t\t\t<div class=\"elementor-widget-container\">\n\t\t\t\t\t<div class=\"elementor-divider\">\n\t\t\t<span class=\"elementor-divider-separator\">\n\t\t\t\t\t\t<\/span>\n\t\t<\/div>\n\t\t\t\t<\/div>\n\t\t\t\t<\/div>\n\t\t\t\t\t\t<\/div>\n\t\t\t\t\t<\/div>\n\t\t<\/div>\n\t\t\t\t\t\t\t\t<\/div>\n\t\t\t\t\t<\/div>\n\t\t<\/section>\n\t\t\t\t<section class=\"elementor-section elementor-top-section elementor-element elementor-element-5c8c6127 elementor-section-boxed elementor-section-height-default elementor-section-height-default\" data-id=\"5c8c6127\" data-element_type=\"section\">\n\t\t\t\t\t\t<div class=\"elementor-container elementor-column-gap-default\">\n\t\t\t\t\t\t\t<div class=\"elementor-row\">\n\t\t\t\t\t<div class=\"elementor-column elementor-col-100 elementor-top-column elementor-element elementor-element-74069b60\" data-id=\"74069b60\" data-element_type=\"column\">\n\t\t\t<div class=\"elementor-column-wrap elementor-element-populated\">\n\t\t\t\t\t\t\t<div class=\"elementor-widget-wrap\">\n\t\t\t\t\t\t<div class=\"elementor-element elementor-element-3b631b27 elementor-widget elementor-widget-text-editor\" data-id=\"3b631b27\" data-element_type=\"widget\" data-widget_type=\"text-editor.default\">\n\t\t\t\t<div class=\"elementor-widget-container\">\n\t\t\t\t\t\t\t\t<div class=\"elementor-text-editor elementor-clearfix\">\n\t\t\t\t<h3>Algemeen<\/h3><p>Voor de eerste keer trekken we naar Kroati\u00eb. Mijn kennis over Kroati\u00eb was vrij beperkt. Het behoorde tot het voormalige Joegoslavi\u00eb. En dat is het zowat. Toen een paar jaar geleden Wim Lybaert met zijn Columbus naar Kroati\u00eb trok was ik aangenaam verrast door de mooie natuur. Een vakantiebrochure gaan halen en ik was direct helemaal in de ban van Kroati\u00eb. Ik denk dat dit helemaal ons ding gaat zijn. Prachtige natuur, mooie oude steden waar je door de straatjes kan slenteren. Eilandjes bezoeken. Ik heb mijn inspiratie gehaald bij oa. <a href=\"https:\/\/www.expairtours.be\/nl\/\">Expairtours,<\/a> <a href=\"https:\/\/www.reisroutes.be\/rondreizen\/kroatie\/kroatie-route-roadtrip\/\">Reisroutes,<\/a> <a href=\"https:\/\/thenomad.life\/\">The Nomad Life <\/a>en verschillende reisblogs.<\/p><h3>Vliegtickets<\/h3><p>We hebben onze vluchten geboekt bij Brussels Airlines. Vliegen naar Zagreb en terugkomen vanaf Dubrovnik. Er zijn ook nog luchthavens in Pula, Zadar en Split. Aangezien we ook naar de Plitvice meren gingen was Zagreb voor ons de beste optie. Ik had gelezen dat het goedkoop vliegen is naar Kroati\u00eb maar dit was nu toch niet het geval.<\/p><h3>Geldzaken<\/h3><p>Kroati\u00eb hoort nog wel bij de Europese Unie maar ze hebben nog wel hun eigen munt, de Kuna: 1 euro is ongeveer 7,5 Kuna of HRK. Je kan op veel plaatsen ook met euro betalen. Bij aankomst in de luchthaven hebben we een kleine som geld afgehaald. We hadden gelezen dat er op de luchthaven meer kosten worden aangerekend. Geldautomaten (BANKOMAT) zijn overal in Kroati\u00eb aanwezig en de kosten als je geld afhaalt hangen af van je bank. <strong>Kies altijd voor \u2018accept without conversion\u2019 in plaats van \u2018accept with conversion\u2019,<\/strong> zodat je eigen bank de conversie van kuna\u2019s naar euro\u2019s uitvoert. Op deze manier ben je veel goedkoper uit (gunstigere wisselkoers). Neem zeker geen ATM, dit is een Amerikaans bedrijf en rekent hoge kosten.<\/p><p>We hebben vastgesteld dat het echter interessanter is om zoveel mogelijk met een visa- of mastercard te betalen. Dan krijg je steeds een voordelige koers. Dit is niet overal mogelijk maar op sommige plaatsen, ook gewoon bij een drankje, vragen ze zelf of je cash of met de kaart betaalt.<\/p>\t\t\t\t\t<\/div>\n\t\t\t\t\t\t<\/div>\n\t\t\t\t<\/div>\n\t\t\t\t\t\t<\/div>\n\t\t\t\t\t<\/div>\n\t\t<\/div>\n\t\t\t\t\t\t\t\t<\/div>\n\t\t\t\t\t<\/div>\n\t\t<\/section>\n\t\t\t\t<section class=\"elementor-section elementor-top-section elementor-element elementor-element-a04e1cb elementor-section-boxed elementor-section-height-default elementor-section-height-default\" data-id=\"a04e1cb\" data-element_type=\"section\">\n\t\t\t\t\t\t<div class=\"elementor-container elementor-column-gap-default\">\n\t\t\t\t\t\t\t<div class=\"elementor-row\">\n\t\t\t\t\t<div class=\"elementor-column elementor-col-100 elementor-top-column elementor-element elementor-element-65f1280\" data-id=\"65f1280\" data-element_type=\"column\">\n\t\t\t<div class=\"elementor-column-wrap elementor-element-populated\">\n\t\t\t\t\t\t\t<div class=\"elementor-widget-wrap\">\n\t\t\t\t\t\t<div class=\"elementor-element elementor-element-3bb8adf elementor-widget elementor-widget-text-editor\" data-id=\"3bb8adf\" data-element_type=\"widget\" data-widget_type=\"text-editor.default\">\n\t\t\t\t<div class=\"elementor-widget-container\">\n\t\t\t\t\t\t\t\t<div class=\"elementor-text-editor elementor-clearfix\">\n\t\t\t\t<h3>Taxi<\/h3><p>Bij aankomst op de luchthaven kan je een lijnbus of shuttlebus nemen naar het centrum. We zijn pas rond 22:45 uur geland dus dit was niet mogelijk. We hebben dan de taxi genomen. Dat ging vlot en kostte ons ongeveer 300 HRK of 40 euro. Best wel op voorhand de prijs afspreken met de chauffeur zodat je voor geen verrassingen komt te staan. Hij had ons 250 gezegd. Volgens de meter was het 300 maar hij was correct en vroeg toch maar 250. Met de fooi erbij hebben we dan toch 300 gegeven.\u00a0<\/p><p>Bij vertrek uit ons laatste hotel in Dubrovnik hebben we ook de taxi genomen naar de luchthaven. Het was ongeveer een half uurtje rijden. We hadden ook eerst de prijs gevraagd maar het zijn vaste prijzen. De prijs bedroeg 300 HRK.\u00a0<\/p>\t\t\t\t\t<\/div>\n\t\t\t\t\t\t<\/div>\n\t\t\t\t<\/div>\n\t\t\t\t<div class=\"elementor-element elementor-element-0e5ce85 elementor-widget elementor-widget-text-editor\" data-id=\"0e5ce85\" data-element_type=\"widget\" data-widget_type=\"text-editor.default\">\n\t\t\t\t<div class=\"elementor-widget-container\">\n\t\t\t\t\t\t\t\t<div class=\"elementor-text-editor elementor-clearfix\">\n\t\t\t\t<h3>Huurauto<\/h3><p>De prijzen van autohuur verschillen per type en per verhuurmaatschappij. Er is soms een groot verschil. Ook de schadeverzekering kan soms veel verschillen. We leveren de auto in op een andere plek dan we de wagen ophalen. Je moet dan one-way bijbetalen. Dit is ook verschillend van maatschappij tot maatschappij. Volgens enkele reisblogs staan de volgende verhuurbedrijven goed aangeschreven: Nova Rent a Car, Sunny Cars en Easy Terra. We hebben alles vergeleken en hebben uiteindelijk een auto gehuurd bij Easyterra.<\/p><h3>Parkeren Zaventem<\/h3><p>Om met de trein naar Zaventem te rijden zijn we 60,40 euro kwijt. Je moet nog steeds iemand lastig vallen om je naar het station te brengen en te komen halen. We kiezen er dan ook voor met de wagen naar Zaventem te rijden en te parkeren bij <a href=\"http:\/\/www.airparking.be\/index.php?lang=nl\">Air Parking<\/a>. Dit is vlakbij de luchthaven en je wordt met een busje aan de deur afgezet. Voor 15 dagen kost dit 95 euro en je moet niemand lastig vallen.<\/p>\t\t\t\t\t<\/div>\n\t\t\t\t\t\t<\/div>\n\t\t\t\t<\/div>\n\t\t\t\t<div class=\"elementor-element elementor-element-e975c60 elementor-widget elementor-widget-text-editor\" data-id=\"e975c60\" data-element_type=\"widget\" data-widget_type=\"text-editor.default\">\n\t\t\t\t<div class=\"elementor-widget-container\">\n\t\t\t\t\t\t\t\t<div class=\"elementor-text-editor elementor-clearfix\">\n\t\t\t\t<h3>Excursies<\/h3><p>Heb je ergens een vaste verbijfplaats en je hebt geen huurauto dan kan je via <a href=\"https:\/\/www.getyourguide.nl\/?cmp=brand&amp;cq_src=google_ads&amp;cq_cmp=6751864739&amp;cq_con=82239611471&amp;cq_term=get%20your%20guide&amp;cq_med=&amp;cq_plac=&amp;cq_net=g&amp;cq_pos=&amp;cq_plt=gp&amp;campaign_id=6751864739&amp;adgroup_id=82239611471&amp;target_id=aud-902616714622%3Akwd-297342945529&amp;loc_physical_ms=1001221&amp;match_type=e&amp;ad_id=454437845429&amp;keyword=get%20your%20guide&amp;ad_position=&amp;feed_item_id=&amp;placement=&amp;device=c&amp;partner_id=CD951&amp;gclid=Cj0KCQiAkZKNBhDiARIsAPsk0Whl0KvHyKoMBy0CulMHM_9PCabzypDa5jETRmjO3j0sE1rVhuN9VOoaAkoKEALw_wcB\" target=\"_blank\" rel=\"noopener\">Get Your Guide.<\/a>steeds excursies boeken.\u00a0<\/p>\t\t\t\t\t<\/div>\n\t\t\t\t\t\t<\/div>\n\t\t\t\t<\/div>\n\t\t\t\t\t\t<\/div>\n\t\t\t\t\t<\/div>\n\t\t<\/div>\n\t\t\t\t\t\t\t\t<\/div>\n\t\t\t\t\t<\/div>\n\t\t<\/section>\n\t\t\t\t\t\t\t\t\t<\/div>\n\t\t\t<\/div>\n\t\t\t\t\t<\/div>\n\t\t","protected":false},"excerpt":{"rendered":"<p>KROATI\u00cb RONDREIS KROATI\u00cb 17 september 2021 Algemeen Voor de eerste keer trekken we naar Kroati\u00eb. Mijn kennis over Kroati\u00eb was vrij beperkt. Het behoorde tot het voormalige Joegoslavi\u00eb. En dat is het zowat. Toen een paar jaar geleden Wim Lybaert met zijn Columbus naar Kroati\u00eb trok was ik aangenaam verrast door de mooie natuur. Een [&hellip;]<\/p>\n","protected":false},"author":1,"featured_media":0,"parent":0,"menu_order":0,"comment_status":"closed","ping_status":"closed","template":"","meta":{"_uag_custom_page_level_css":"","_vp_format_video_url":"","_vp_image_focal_point":[]},"uagb_featured_image_src":{"full":false,"thumbnail":false,"medium":false,"medium_large":false,"large":false,"1536x1536":false,"2048x2048":false,"vp_sm":false,"vp_md":false,"vp_lg":false,"vp_xl":false,"vp_sm_popup":false,"vp_md_popup":false,"vp_xl_popup":false,"sow-carousel-default":false},"uagb_author_info":{"display_name":"lindakoen","author_link":"https:\/\/www.lindademeyer.be\/wordpress\/author\/lindakoen\/"},"uagb_comment_info":0,"uagb_excerpt":"KROATI\u00cb RONDREIS KROATI\u00cb 17 september 2021 Algemeen Voor de eerste keer trekken we naar Kroati\u00eb. Mijn kennis over Kroati\u00eb was vrij beperkt. Het behoorde tot het voormalige Joegoslavi\u00eb. En dat is het zowat. Toen een paar jaar geleden Wim Lybaert met zijn Columbus naar Kroati\u00eb trok was ik aangenaam verrast door de mooie natuur. Een&hellip;","_links":{"self":[{"href":"https:\/\/www.lindademeyer.be\/wordpress\/wp-json\/wp\/v2\/pages\/5638"}],"collection":[{"href":"https:\/\/www.lindademeyer.be\/wordpress\/wp-json\/wp\/v2\/pages"}],"about":[{"href":"https:\/\/www.lindademeyer.be\/wordpress\/wp-json\/wp\/v2\/types\/page"}],"author":[{"embeddable":true,"href":"https:\/\/www.lindademeyer.be\/wordpress\/wp-json\/wp\/v2\/users\/1"}],"replies":[{"embeddable":true,"href":"https:\/\/www.lindademeyer.be\/wordpress\/wp-json\/wp\/v2\/comments?post=5638"}],"version-history":[{"count":55,"href":"https:\/\/www.lindademeyer.be\/wordpress\/wp-json\/wp\/v2\/pages\/5638\/revisions"}],"predecessor-version":[{"id":6440,"href":"https:\/\/www.lindademeyer.be\/wordpress\/wp-json\/wp\/v2\/pages\/5638\/revisions\/6440"}],"wp:attachment":[{"href":"https:\/\/www.lindademeyer.be\/wordpress\/wp-json\/wp\/v2\/media?parent=5638"}],"curies":[{"name":"wp","href":"https:\/\/api.w.org\/{rel}","templated":true}]}}